{"id":16,"date":"2021-02-19T15:29:26","date_gmt":"2021-02-19T14:29:26","guid":{"rendered":"http:\/\/cic-laval1-ia53.ac-nantes.fr\/ecriture\/?page_id=16"},"modified":"2021-03-12T18:05:40","modified_gmt":"2021-03-12T17:05:40","slug":"a-propos-de","status":"publish","type":"page","link":"http:\/\/cic-laval1-ia53.ac-nantes.fr\/ecriture\/index.php\/a-propos-de\/","title":{"rendered":"\u00c0 propos du blog"},"content":{"rendered":"<p>Ce blog est une publication des r\u00e9f\u00e9rents fran\u00e7ais de circonscription de la Mayenne visant \u00e0 promouvoir la po\u00e9sie et \u00e0 valoriser les productions po\u00e9tiques des \u00e9l\u00e8ves des \u00e9coles publiques de la Mayenne.<\/p>\n","protected":false},"excerpt":{"rendered":"<p>Ce blog est une publication des r\u00e9f\u00e9rents fran\u00e7ais de circonscription de la Mayenne visant \u00e0 promouvoir la po\u00e9sie et \u00e0 valoriser les productions po\u00e9tiques des \u00e9l\u00e8ves des \u00e9coles publiques de la Mayenne.<\/p>\n","protected":false},"author":1,"featured_media":0,"parent":0,"menu_order":0,"comment_status":"closed","ping_status":"closed","template":"","meta":[],"_links":{"self":[{"href":"http:\/\/cic-laval1-ia53.ac-nantes.fr\/ecriture\/index.php\/wp-json\/wp\/v2\/pages\/16"}],"collection":[{"href":"http:\/\/cic-laval1-ia53.ac-nantes.fr\/ecriture\/index.php\/wp-json\/wp\/v2\/pages"}],"about":[{"href":"http:\/\/cic-laval1-ia53.ac-nantes.fr\/ecriture\/index.php\/wp-json\/wp\/v2\/types\/page"}],"author":[{"embeddable":true,"href":"http:\/\/cic-laval1-ia53.ac-nantes.fr\/ecriture\/index.php\/wp-json\/wp\/v2\/users\/1"}],"replies":[{"embeddable":true,"href":"http:\/\/cic-laval1-ia53.ac-nantes.fr\/ecriture\/index.php\/wp-json\/wp\/v2\/comments?post=16"}],"version-history":[{"count":5,"href":"http:\/\/cic-laval1-ia53.ac-nantes.fr\/ecriture\/index.php\/wp-json\/wp\/v2\/pages\/16\/revisions"}],"predecessor-version":[{"id":64,"href":"http:\/\/cic-laval1-ia53.ac-nantes.fr\/ecriture\/index.php\/wp-json\/wp\/v2\/pages\/16\/revisions\/64"}],"wp:attachment":[{"href":"http:\/\/cic-laval1-ia53.ac-nantes.fr\/ecriture\/index.php\/wp-json\/wp\/v2\/media?parent=16"}],"curies":[{"name":"wp","href":"https:\/\/api.w.org\/{rel}","templated":true}]}}