{"id":11,"date":"2021-02-19T14:46:24","date_gmt":"2021-02-19T13:46:24","guid":{"rendered":"http:\/\/cic-laval1-ia53.ac-nantes.fr\/ecriture\/?page_id=11"},"modified":"2021-03-11T21:19:33","modified_gmt":"2021-03-11T20:19:33","slug":"mentions-legales","status":"publish","type":"page","link":"http:\/\/cic-laval1-ia53.ac-nantes.fr\/ecriture\/index.php\/mentions-legales\/","title":{"rendered":"Mentions l\u00e9gales"},"content":{"rendered":"\n<h2>Renseignements \u00e9ditoriaux<\/h2>\n\n\n<p>Vous \u00eates connect\u00e9 au blog \u00ab <strong>Levons l&rsquo;encre \u00bb.<\/strong><\/p>\n<table border=\"0\">\n<tbody>\n<tr>\n<td style=\"vertical-align: top; padding: 10px;\">Responsable \u00e9ditorial :<\/td>\n<td style=\"vertical-align: top; padding: 10px;\">\n<p>Catherine Cailleau<br \/>IEN de la circonscription Mayenne Sud-Est, charg\u00e9e de la mission ma\u00eetrise de la langue<\/p>\n<\/td>\n<\/tr>\n<tr>\n<td style=\"vertical-align: top; padding: 10px;\">H\u00e9bergeur :<\/td>\n<td style=\"vertical-align: top; padding: 10px;\">Rectorat de Nantes<br \/>4 rue de la Houssini\u00e8re<br \/>BP 72626 &#8211; 44326 NANTES Cedex 3<\/td>\n<\/tr>\n<\/tbody>\n<\/table>\n\n\n<h2>Pour nous contacter<\/h2>\n\n\n<p>Conform\u00e9ment \u00e0 l&rsquo;article 34 de la loi Informatique et Libert\u00e9s du 6 janvier 1978, vous disposez d&rsquo;un droit d&rsquo;acc\u00e8s aux informations vous concernant. Vous pouvez \u00e9galement demander la modification ou la suppression de ces informations. Il vous suffit d&rsquo;\u00e9crire \u00e0 l&rsquo;adresse suivante, \u00e0 l&rsquo;attention de :<\/p>\n<div><em>Catherine CAILLEAU<\/em><br><em>Direction des Services D\u00e9partementaux de l&rsquo;\u00c9ducation Nationale de la Mayenne<\/em><br><em>Cit\u00e9 administrative, rue Mac Donald<\/em><br><em>BP 23851 &#8211; 53030 Laval CEDEX 9<\/em><\/div>","protected":false},"excerpt":{"rendered":"<p>Renseignements \u00e9ditoriaux Vous \u00eates connect\u00e9 au blog \u00ab Levons l&rsquo;encre \u00bb. Responsable \u00e9ditorial : Catherine CailleauIEN de la circonscription Mayenne Sud-Est, charg\u00e9e de la mission ma\u00eetrise de la langue H\u00e9bergeur : Rectorat de Nantes4 rue de la Houssini\u00e8reBP 72626 &#8211; 44326 NANTES Cedex 3 Pour nous contacter Conform\u00e9ment \u00e0 l&rsquo;article 34 de la loi Informatique &hellip; <a href=\"http:\/\/cic-laval1-ia53.ac-nantes.fr\/ecriture\/index.php\/mentions-legales\/\" class=\"more-link\">Continuer la lecture<span class=\"screen-reader-text\"> de &laquo;&nbsp;Mentions l\u00e9gales&nbsp;&raquo;<\/span><\/a><\/p>\n","protected":false},"author":1,"featured_media":0,"parent":0,"menu_order":0,"comment_status":"closed","ping_status":"closed","template":"","meta":[],"_links":{"self":[{"href":"http:\/\/cic-laval1-ia53.ac-nantes.fr\/ecriture\/index.php\/wp-json\/wp\/v2\/pages\/11"}],"collection":[{"href":"http:\/\/cic-laval1-ia53.ac-nantes.fr\/ecriture\/index.php\/wp-json\/wp\/v2\/pages"}],"about":[{"href":"http:\/\/cic-laval1-ia53.ac-nantes.fr\/ecriture\/index.php\/wp-json\/wp\/v2\/types\/page"}],"author":[{"embeddable":true,"href":"http:\/\/cic-laval1-ia53.ac-nantes.fr\/ecriture\/index.php\/wp-json\/wp\/v2\/users\/1"}],"replies":[{"embeddable":true,"href":"http:\/\/cic-laval1-ia53.ac-nantes.fr\/ecriture\/index.php\/wp-json\/wp\/v2\/comments?post=11"}],"version-history":[{"count":5,"href":"http:\/\/cic-laval1-ia53.ac-nantes.fr\/ecriture\/index.php\/wp-json\/wp\/v2\/pages\/11\/revisions"}],"predecessor-version":[{"id":44,"href":"http:\/\/cic-laval1-ia53.ac-nantes.fr\/ecriture\/index.php\/wp-json\/wp\/v2\/pages\/11\/revisions\/44"}],"wp:attachment":[{"href":"http:\/\/cic-laval1-ia53.ac-nantes.fr\/ecriture\/index.php\/wp-json\/wp\/v2\/media?parent=11"}],"curies":[{"name":"wp","href":"https:\/\/api.w.org\/{rel}","templated":true}]}}